{"id":495,"date":"2024-02-15T00:08:25","date_gmt":"2024-02-14T21:08:25","guid":{"rendered":"https:\/\/gpstraqer.com\/?page_id=495"},"modified":"2024-02-24T11:50:05","modified_gmt":"2024-02-24T08:50:05","slug":"about-us","status":"publish","type":"page","link":"https:\/\/gpstraqer.com\/de\/about-us\/","title":{"rendered":"\u00dcber uns"},"content":{"rendered":"<div data-elementor-type=\"wp-page\" data-elementor-id=\"495\" class=\"elementor elementor-495\" data-elementor-post-type=\"page\">\n\t\t\t\t<div class=\"elementor-element elementor-element-d71d19f e-flex e-con-boxed e-con e-parent\" data-id=\"d71d19f\" data-element_type=\"container\" data-settings=\"{&quot;container_type&quot;:&quot;flex&quot;,&quot;content_width&quot;:&quot;boxed&quot;}\" data-core-v316-plus=\"true\">\n\t\t\t\t\t<div class=\"e-con-inner\">\n\t\t\t\t<div class=\"elementor-element elementor-element-417deb6 elementor-widget elementor-widget-heading\" data-id=\"417deb6\" data-element_type=\"widget\" data-widget_type=\"heading.default\">\n\t\t\t\t<div class=\"elementor-widget-container\">\n\t\t\t<style>\/*! elementor - v3.19.0 - 28-02-2024 *\/\n.elementor-heading-title{padding:0;margin:0;line-height:1}.elementor-widget-heading .elementor-heading-title[class*=elementor-size-]>a{color:inherit;font-size:inherit;line-height:inherit}.elementor-widget-heading .elementor-heading-title.elementor-size-small{font-size:15px}.elementor-widget-heading .elementor-heading-title.elementor-size-medium{font-size:19px}.elementor-widget-heading .elementor-heading-title.elementor-size-large{font-size:29px}.elementor-widget-heading .elementor-heading-title.elementor-size-xl{font-size:39px}.elementor-widget-heading .elementor-heading-title.elementor-size-xxl{font-size:59px}<\/style><h2 class=\"elementor-heading-title elementor-size-default\">\u00dcber uns<\/h2>\t\t<\/div>\n\t\t\t\t<\/div>\n\t\t\t\t\t<\/div>\n\t\t\t\t<\/div>\n\t\t<div class=\"elementor-element elementor-element-08852ce e-flex e-con-boxed e-con e-parent\" data-id=\"08852ce\" data-element_type=\"container\" data-settings=\"{&quot;container_type&quot;:&quot;flex&quot;,&quot;content_width&quot;:&quot;boxed&quot;}\" data-core-v316-plus=\"true\">\n\t\t\t\t\t<div class=\"e-con-inner\">\n\t\t\t\t<div class=\"elementor-element elementor-element-8d9f8f7 elementor-widget elementor-widget-text-editor\" data-id=\"8d9f8f7\" data-element_type=\"widget\" data-widget_type=\"text-editor.default\">\n\t\t\t\t<div class=\"elementor-widget-container\">\n\t\t\t<style>\/*! elementor - v3.19.0 - 28-02-2024 *\/\n.elementor-widget-text-editor.elementor-drop-cap-view-stacked .elementor-drop-cap{background-color:#69727d;color:#fff}.elementor-widget-text-editor.elementor-drop-cap-view-framed .elementor-drop-cap{color:#69727d;border:3px solid;background-color:transparent}.elementor-widget-text-editor:not(.elementor-drop-cap-view-default) .elementor-drop-cap{margin-top:8px}.elementor-widget-text-editor:not(.elementor-drop-cap-view-default) .elementor-drop-cap-letter{width:1em;height:1em}.elementor-widget-text-editor .elementor-drop-cap{float:left;text-align:center;line-height:1;font-size:50px}.elementor-widget-text-editor .elementor-drop-cap-letter{display:inline-block}<\/style>\t\t\t\t<div class=\"translation-block\"><h2>Das Team von GPSTRAQER.COM<\/h2>\n<p>Wir sind ein Team von passionierten Ingenieuren, die viel Erfahrung sowohl in der Telekommunikations-, als auch in der IT-Branche sammeln konnten.<\/p>\n<p>GPSTRAQER entstand, als wir von einem gro\u00dfen europ\u00e4ischen Speditionsunternehmen den Auftrag erhielten, ein globales GPS-Ortungssystem, welches weltweit einwandfrei funktioniert und trotzdem kaum Roaminggeb\u00fchren verursacht, zu erstellen. Dieses Lokalisierungssystem sollte nicht nur das amerikanische GPS und das russische GLONASS sondern auch die klassische Zellortung \u00fcber GSM\/UMTS bzw. LBS unterst\u00fctzen.<\/p>\n<p>Basierend auf diesen Anforderungen entwickelten wir ein Satelliten gest\u00fctztes Positionierungssystem, in welchem jede einzelne Komponente redundant ist. Angefangen vom globalem Satellitennavigationssystem (GPS\/GLONASS) \u00fcber eine Sim, die alle erdenklichen \u00dcbertragungsprotokolle unterst\u00fctzt und sich immer in das Mobilfunknetz mit dem besten Signalempfang einbucht, und sogar auch eine Indoorortung in Hallen, Garagen, Warenh\u00e4usern, etc. erlaubt.<\/p>\n<p>Diese Standortbestimmung \u00fcber Mobilfunkzellen erwies sich als besonders hilfreich, weil sie nicht nur die Indoorortung erm\u00f6glicht, sondern auch die Positionsbestimmung in fernen L\u00e4ndern, die nicht \u00fcber eine ausreichende Datenroamingabdeckung verf\u00fcgen.<\/p>\n<p>Da unsere Firmenkultur jegliche Art von Innovation f\u00f6rdert mit dem Ziel, die Kundenzufriedenheit zu erh\u00f6hen, sind wir immer offen f\u00fcr die Umsetzung Ihrer Anforderungen und Ideen.<\/p>\n<p>GPSTRAQER.com ist eine Trademark der M2M Global Solutions Ltd. mit Sitz in Gro\u00dfbritannien.<\/p><\/div>\t\t\t\t\t\t<\/div>\n\t\t\t\t<\/div>\n\t\t\t\t<div class=\"elementor-element elementor-element-a0afebc elementor-widget elementor-widget-accordion\" data-id=\"a0afebc\" data-element_type=\"widget\" data-widget_type=\"accordion.default\">\n\t\t\t\t<div class=\"elementor-widget-container\">\n\t\t\t<style>\/*! elementor - v3.19.0 - 28-02-2024 *\/\n.elementor-accordion{text-align:left}.elementor-accordion .elementor-accordion-item{border:1px solid #d5d8dc}.elementor-accordion .elementor-accordion-item+.elementor-accordion-item{border-top:none}.elementor-accordion .elementor-tab-title{margin:0;padding:15px 20px;font-weight:700;line-height:1;cursor:pointer;outline:none}.elementor-accordion .elementor-tab-title .elementor-accordion-icon{display:inline-block;width:1.5em}.elementor-accordion .elementor-tab-title .elementor-accordion-icon svg{width:1em;height:1em}.elementor-accordion .elementor-tab-title .elementor-accordion-icon.elementor-accordion-icon-right{float:right;text-align:right}.elementor-accordion .elementor-tab-title .elementor-accordion-icon.elementor-accordion-icon-left{float:left;text-align:left}.elementor-accordion .elementor-tab-title .elementor-accordion-icon .elementor-accordion-icon-closed{display:block}.elementor-accordion .elementor-tab-title .elementor-accordion-icon .elementor-accordion-icon-opened,.elementor-accordion .elementor-tab-title.elementor-active .elementor-accordion-icon-closed{display:none}.elementor-accordion .elementor-tab-title.elementor-active .elementor-accordion-icon-opened{display:block}.elementor-accordion .elementor-tab-content{display:none;padding:15px 20px;border-top:1px solid #d5d8dc}@media (max-width:767px){.elementor-accordion .elementor-tab-title{padding:12px 15px}.elementor-accordion .elementor-tab-title .elementor-accordion-icon{width:1.2em}.elementor-accordion .elementor-tab-content{padding:7px 15px}}.e-con-inner>.elementor-widget-accordion,.e-con>.elementor-widget-accordion{width:var(--container-widget-width);--flex-grow:var(--container-widget-flex-grow)}<\/style>\t\t<div class=\"elementor-accordion\">\n\t\t\t\t\t\t\t<div class=\"elementor-accordion-item\">\n\t\t\t\t\t<div id=\"elementor-tab-title-1681\" class=\"elementor-tab-title\" data-tab=\"1\" role=\"button\" aria-controls=\"elementor-tab-content-1681\" aria-expanded=\"false\">\n\t\t\t\t\t\t\t\t\t\t\t\t\t<span class=\"elementor-accordion-icon elementor-accordion-icon-left\" aria-hidden=\"true\">\n\t\t\t\t\t\t\t\t\t\t\t\t\t\t\t<span class=\"elementor-accordion-icon-closed\"><svg class=\"e-font-icon-svg e-fas-plus\" viewbox=\"0 0 448 512\" xmlns=\"http:\/\/www.w3.org\/2000\/svg\"><path d=\"M416 208H272V64c0-17.67-14.33-32-32-32h-32c-17.67 0-32 14.33-32 32v144H32c-17.67 0-32 14.33-32 32v32c0 17.67 14.33 32 32 32h144v144c0 17.67 14.33 32 32 32h32c17.67 0 32-14.33 32-32V304h144c17.67 0 32-14.33 32-32v-32c0-17.67-14.33-32-32-32z\"><\/path><\/svg><\/span>\n\t\t\t\t\t\t\t\t<span class=\"elementor-accordion-icon-opened\"><svg class=\"e-font-icon-svg e-fas-minus\" viewbox=\"0 0 448 512\" xmlns=\"http:\/\/www.w3.org\/2000\/svg\"><path d=\"M416 208H32c-17.67 0-32 14.33-32 32v32c0 17.67 14.33 32 32 32h384c17.67 0 32-14.33 32-32v-32c0-17.67-14.33-32-32-32z\"><\/path><\/svg><\/span>\n\t\t\t\t\t\t\t\t\t\t\t\t\t\t<\/span>\n\t\t\t\t\t\t\t\t\t\t\t\t<a class=\"elementor-accordion-title\" tabindex=\"0\">Das Erste der Branche<\/a>\n\t\t\t\t\t<\/div>\n\t\t\t\t\t<div id=\"elementor-tab-content-1681\" class=\"elementor-tab-content elementor-clearfix\" data-tab=\"1\" role=\"region\" aria-labelledby=\"elementor-tab-title-1681\"><p>Unsere Technologie ist eine Premiere in der Branche, kein anderes Tracking-Unternehmen bietet dies auf dem Markt an. Das Ziel von GPSTRAQER besteht nun darin, die Vorteile einer kosteng\u00fcnstigen GPS-Ortung rund um die Uhr zu nutzen, die garantiert immer funktioniert, auch wenn der Netzwerkanbieter des Kunden schlecht oder nicht verf\u00fcgbar ist.<\/p><p>Da wir rund um die Uhr Daten sammeln, haben Sie immer einen echten Verlauf, den Sie abspielen und einen Blick auf die Ereignisse werfen k\u00f6nnen. Erhalten Sie eine perfekte Darstellung dar\u00fcber, wo sich Ihre Verm\u00f6genswerte im Laufe des Tages, der Woche oder des Monats je nach L\u00e4nge der Bewegung befunden haben.<\/p><\/div>\n\t\t\t\t<\/div>\n\t\t\t\t\t\t\t<div class=\"elementor-accordion-item\">\n\t\t\t\t\t<div id=\"elementor-tab-title-1682\" class=\"elementor-tab-title\" data-tab=\"2\" role=\"button\" aria-controls=\"elementor-tab-content-1682\" aria-expanded=\"false\">\n\t\t\t\t\t\t\t\t\t\t\t\t\t<span class=\"elementor-accordion-icon elementor-accordion-icon-left\" aria-hidden=\"true\">\n\t\t\t\t\t\t\t\t\t\t\t\t\t\t\t<span class=\"elementor-accordion-icon-closed\"><svg class=\"e-font-icon-svg e-fas-plus\" viewbox=\"0 0 448 512\" xmlns=\"http:\/\/www.w3.org\/2000\/svg\"><path d=\"M416 208H272V64c0-17.67-14.33-32-32-32h-32c-17.67 0-32 14.33-32 32v144H32c-17.67 0-32 14.33-32 32v32c0 17.67 14.33 32 32 32h144v144c0 17.67 14.33 32 32 32h32c17.67 0 32-14.33 32-32V304h144c17.67 0 32-14.33 32-32v-32c0-17.67-14.33-32-32-32z\"><\/path><\/svg><\/span>\n\t\t\t\t\t\t\t\t<span class=\"elementor-accordion-icon-opened\"><svg class=\"e-font-icon-svg e-fas-minus\" viewbox=\"0 0 448 512\" xmlns=\"http:\/\/www.w3.org\/2000\/svg\"><path d=\"M416 208H32c-17.67 0-32 14.33-32 32v32c0 17.67 14.33 32 32 32h384c17.67 0 32-14.33 32-32v-32c0-17.67-14.33-32-32-32z\"><\/path><\/svg><\/span>\n\t\t\t\t\t\t\t\t\t\t\t\t\t\t<\/span>\n\t\t\t\t\t\t\t\t\t\t\t\t<a class=\"elementor-accordion-title\" tabindex=\"0\">Genie\u00dfen Sie die Freiheit beim Roaming<\/a>\n\t\t\t\t\t<\/div>\n\t\t\t\t\t<div id=\"elementor-tab-content-1682\" class=\"elementor-tab-content elementor-clearfix\" data-tab=\"2\" role=\"region\" aria-labelledby=\"elementor-tab-title-1682\"><p>Beim Roaming haben wir auf allen Kontinenten, egal ob in Amerika oder Europa, den gleichen Festtarif. Dieser Tarif ist unbegrenzt g\u00fcltig und erstreckt sich praktisch \u00fcber die Dauer, f\u00fcr die Sie sich f\u00fcr die Nutzung unseres Dienstes angemeldet haben. Dies bedeutet, dass Sie sich nicht \u00fcber exorbitante Datengeb\u00fchren \u00e4rgern m\u00fcssen, insbesondere in Kontinenten wie Asien, Afrika und S\u00fcdamerika oder einer Region wie Lateinamerika, wo jedes MB Daten bei begrenzten Lieferbedingungen 4,99 Euro kostet. Wenn Sie nach Europa reisen, werden Sie den wohl niedrigen Wert von 0,228 Euro-Cent als ebenso entwaffnend empfinden. Mit uns m\u00fcssen Sie sich keine Sorgen mehr dar\u00fcber machen, dass Ihnen Roaming-Geb\u00fchren auferlegt werden, die f\u00fcr gro\u00dfe und kleine Unternehmen unerwartet und unerschwinglich sind.<\/p><\/div>\n\t\t\t\t<\/div>\n\t\t\t\t\t\t\t<div class=\"elementor-accordion-item\">\n\t\t\t\t\t<div id=\"elementor-tab-title-1683\" class=\"elementor-tab-title\" data-tab=\"3\" role=\"button\" aria-controls=\"elementor-tab-content-1683\" aria-expanded=\"false\">\n\t\t\t\t\t\t\t\t\t\t\t\t\t<span class=\"elementor-accordion-icon elementor-accordion-icon-left\" aria-hidden=\"true\">\n\t\t\t\t\t\t\t\t\t\t\t\t\t\t\t<span class=\"elementor-accordion-icon-closed\"><svg class=\"e-font-icon-svg e-fas-plus\" viewbox=\"0 0 448 512\" xmlns=\"http:\/\/www.w3.org\/2000\/svg\"><path d=\"M416 208H272V64c0-17.67-14.33-32-32-32h-32c-17.67 0-32 14.33-32 32v144H32c-17.67 0-32 14.33-32 32v32c0 17.67 14.33 32 32 32h144v144c0 17.67 14.33 32 32 32h32c17.67 0 32-14.33 32-32V304h144c17.67 0 32-14.33 32-32v-32c0-17.67-14.33-32-32-32z\"><\/path><\/svg><\/span>\n\t\t\t\t\t\t\t\t<span class=\"elementor-accordion-icon-opened\"><svg class=\"e-font-icon-svg e-fas-minus\" viewbox=\"0 0 448 512\" xmlns=\"http:\/\/www.w3.org\/2000\/svg\"><path d=\"M416 208H32c-17.67 0-32 14.33-32 32v32c0 17.67 14.33 32 32 32h384c17.67 0 32-14.33 32-32v-32c0-17.67-14.33-32-32-32z\"><\/path><\/svg><\/span>\n\t\t\t\t\t\t\t\t\t\t\t\t\t\t<\/span>\n\t\t\t\t\t\t\t\t\t\t\t\t<a class=\"elementor-accordion-title\" tabindex=\"0\">Wir lieben es, innovativ zu sein<\/a>\n\t\t\t\t\t<\/div>\n\t\t\t\t\t<div id=\"elementor-tab-content-1683\" class=\"elementor-tab-content elementor-clearfix\" data-tab=\"3\" role=\"region\" aria-labelledby=\"elementor-tab-title-1683\"><p>Da unsere Unternehmenskultur Innovationen f\u00f6rdert mit dem Ziel, die Kundenzufriedenheit zu steigern und technische und kommerzielle Herausforderungen zu meistern, sind wir immer offen f\u00fcr die Umsetzung Ihrer Anforderungen und Ideen. Teilen Sie sie uns mit und wir werden alles tun, um sicherzustellen, dass Ihre Zufriedenheit garantiert ist.<\/p><\/div>\n\t\t\t\t<\/div>\n\t\t\t\t\t\t\t\t<\/div>\n\t\t\t\t<\/div>\n\t\t\t\t<\/div>\n\t\t\t\t\t<\/div>\n\t\t\t\t<\/div>\n\t\t<div class=\"elementor-element elementor-element-b3619e3 e-flex e-con-boxed e-con e-parent\" data-id=\"b3619e3\" data-element_type=\"container\" data-settings=\"{&quot;container_type&quot;:&quot;flex&quot;,&quot;content_width&quot;:&quot;boxed&quot;}\" data-core-v316-plus=\"true\">\n\t\t\t\t\t<div class=\"e-con-inner\">\n\t\t\t\t<div class=\"elementor-element elementor-element-f4d4c0a elementor-widget elementor-widget-text-editor\" data-id=\"f4d4c0a\" data-element_type=\"widget\" data-widget_type=\"text-editor.default\">\n\t\t\t\t<div class=\"elementor-widget-container\">\n\t\t\t\t\t\t\t<div class=\"translation-block\"><div class=\"wpb_text_column wpb_content_element\">\n<div class=\"wpb_wrapper\">\n\n<strong>Vorteile der Verwendung von GPSTRAQER:<\/strong>\n<ul>\n  <li>Reduzieren Sie das Diebstahlrisiko aufgrund schlechter Netzwerke<\/li>\n  <li>Beseitigen Sie exorbitante, immer unvorhersehbare Roaming-Kosten<\/li>\n  <li>Routenwarnungen rund um die Uhr<\/li>\n  <li>Live-Wetter- und Verkehrsaktualisierungen erm\u00f6glichen es Disponenten, Fahrer und Techniker auf den Routen zu organisieren<\/li>\n  <li>Verbesserte Effizienz<\/li>\n<\/ul>\n<\/div>\n<\/div>\n<div class=\"vc_separator wpb_content_element vc_separator_align_center vc_sep_width_100 vc_sep_pos_align_center vc_separator_no_text vc_sep_color_grey\"><\/div>\n<div class=\"wpb_text_column wpb_content_element\">\n<div class=\"wpb_wrapper\">\n\nTats\u00e4chlich hat GPStraqer als Spross von M2M Global Solutions Ltd. einen langen Weg zur\u00fcckgelegt und sich zu einem einzigartigen Anbieter von GPS-Tracking-Diensten mit unbegrenztem Vorsprung bei der Datenpositionierung entwickelt. Unsere Geb\u00fchren sind immer erschwinglich, egal ob beim Roaming in Europa oder bei Reisen durch die Vereinigten Staaten. Wenn Sie aufgrund schlechter Netzabdeckung h\u00e4ufig Angst vor Diebstahl haben, ist unsere ultraschnelle GPS-Technologie, die selbst an den entlegensten Orten der Welt immer eine Verbindung herstellt, genau das Richtige f\u00fcr Sie.\n\nDas GPSTRAQER-Team ist fest in wahrer Ehrlichkeit verwurzelt und stets entschlossen, die Dinge immer richtig zu machen. Dies fasst alles zusammen, worum es bei uns geht und wof\u00fcr wir stehen: das beste Preis-Leistungs-Verh\u00e4ltnis ohne \u00fcberh\u00f6hte Preise zu bieten.\n\n<em>GPSTRAQER.com ist eine Marke von M2M Global Solutions Ltd, einem Unternehmen mit Sitz im Vereinigten K\u00f6nigreich.<\/em>\n\n<\/div>\n<\/div><\/div>\t\t\t\t\t\t<\/div>\n\t\t\t\t<\/div>\n\t\t\t\t\t<\/div>\n\t\t\t\t<\/div>\n\t\t\t\t<\/div>","protected":false},"excerpt":{"rendered":"<p>About Us GPSTRAQER is a team of passionate\u00a0engineers, who have gained a lot of experience in the telecommunications industry, as well as in the IT industry. It was officially established when M2M Global Solutions Ltd. received a request from a major European shipping company that commissioned it to create a global GPS tracking system which [&hellip;]<\/p>","protected":false},"author":1,"featured_media":0,"parent":0,"menu_order":0,"comment_status":"closed","ping_status":"closed","template":"","meta":{"footnotes":""},"class_list":["post-495","page","type-page","status-publish","hentry"],"yoast_head":"<!-- This site is optimized with the Yoast SEO plugin v22.8 - https:\/\/yoast.com\/wordpress\/plugins\/seo\/ -->\n<title>About Us - Leading Cross Border GPS Tracking<\/title>\n<meta name=\"robots\" content=\"index, follow, max-snippet:-1, max-image-preview:large, max-video-preview:-1\" \/>\n<link rel=\"canonical\" href=\"https:\/\/gpstraqer.com\/de\/about-us\/\" \/>\n<meta property=\"og:locale\" content=\"de_DE\" \/>\n<meta property=\"og:type\" content=\"article\" \/>\n<meta property=\"og:title\" content=\"About Us - Leading Cross Border GPS Tracking\" \/>\n<meta property=\"og:description\" content=\"About Us GPSTRAQER is a team of passionate\u00a0engineers, who have gained a lot of experience in the telecommunications industry, as well as in the IT industry. It was officially established when M2M Global Solutions Ltd. received a request from a major European shipping company that commissioned it to create a global GPS tracking system which [&hellip;]\" \/>\n<meta property=\"og:url\" content=\"https:\/\/gpstraqer.com\/de\/about-us\/\" \/>\n<meta property=\"og:site_name\" content=\"Leading Cross Border GPS Tracking\" \/>\n<meta property=\"article:modified_time\" content=\"2024-02-24T08:50:05+00:00\" \/>\n<meta property=\"og:image\" content=\"https:\/\/gpstraqer.com\/wp-content\/uploads\/2024\/03\/gpstraqer_logo_trans.png\" \/>\n\t<meta property=\"og:image:width\" content=\"2048\" \/>\n\t<meta property=\"og:image:height\" content=\"1000\" \/>\n\t<meta property=\"og:image:type\" content=\"image\/png\" \/>\n<meta name=\"twitter:card\" content=\"summary_large_image\" \/>\n<meta name=\"twitter:label1\" content=\"Gesch\u00e4tzte Lesezeit\" \/>\n\t<meta name=\"twitter:data1\" content=\"3\u00a0Minuten\" \/>\n<script type=\"application\/ld+json\" class=\"yoast-schema-graph\">{\"@context\":\"https:\/\/schema.org\",\"@graph\":[{\"@type\":\"WebPage\",\"@id\":\"https:\/\/gpstraqer.com\/about-us\/\",\"url\":\"https:\/\/gpstraqer.com\/about-us\/\",\"name\":\"About Us - Leading Cross Border GPS Tracking\",\"isPartOf\":{\"@id\":\"https:\/\/gpstraqer.com\/#website\"},\"datePublished\":\"2024-02-14T21:08:25+00:00\",\"dateModified\":\"2024-02-24T08:50:05+00:00\",\"inLanguage\":\"de\",\"potentialAction\":[{\"@type\":\"ReadAction\",\"target\":[\"https:\/\/gpstraqer.com\/about-us\/\"]}]},{\"@type\":\"WebSite\",\"@id\":\"https:\/\/gpstraqer.com\/#website\",\"url\":\"https:\/\/gpstraqer.com\/\",\"name\":\"Leading Cross Border GPS Tracking\",\"description\":\"The first GPS Tracking Solution with a worldwide unlimited data plan - no roaming fees!\",\"publisher\":{\"@id\":\"https:\/\/gpstraqer.com\/#organization\"},\"potentialAction\":[{\"@type\":\"SearchAction\",\"target\":{\"@type\":\"EntryPoint\",\"urlTemplate\":\"https:\/\/gpstraqer.com\/?s={search_term_string}\"},\"query-input\":\"required name=search_term_string\"}],\"inLanguage\":\"de\"},{\"@type\":\"Organization\",\"@id\":\"https:\/\/gpstraqer.com\/#organization\",\"name\":\"Leading Cross Border GPS Vehicle Tracking\",\"url\":\"https:\/\/gpstraqer.com\/\",\"logo\":{\"@type\":\"ImageObject\",\"inLanguage\":\"de\",\"@id\":\"https:\/\/gpstraqer.com\/#\/schema\/logo\/image\/\",\"url\":\"https:\/\/gpstraqer.com\/wp-content\/uploads\/2024\/03\/M2MGS-banner-ad-300x600-1-e1709310300432.jpg\",\"contentUrl\":\"https:\/\/gpstraqer.com\/wp-content\/uploads\/2024\/03\/M2MGS-banner-ad-300x600-1-e1709310300432.jpg\",\"width\":300,\"height\":324,\"caption\":\"Leading Cross Border GPS Vehicle Tracking\"},\"image\":{\"@id\":\"https:\/\/gpstraqer.com\/#\/schema\/logo\/image\/\"}}]}<\/script>\n<!-- \/ Yoast SEO plugin. -->","yoast_head_json":{"title":"About Us - Leading Cross Border GPS Tracking","robots":{"index":"index","follow":"follow","max-snippet":"max-snippet:-1","max-image-preview":"max-image-preview:large","max-video-preview":"max-video-preview:-1"},"canonical":"https:\/\/gpstraqer.com\/de\/about-us\/","og_locale":"de_DE","og_type":"article","og_title":"About Us - Leading Cross Border GPS Tracking","og_description":"About Us GPSTRAQER is a team of passionate\u00a0engineers, who have gained a lot of experience in the telecommunications industry, as well as in the IT industry. It was officially established when M2M Global Solutions Ltd. received a request from a major European shipping company that commissioned it to create a global GPS tracking system which [&hellip;]","og_url":"https:\/\/gpstraqer.com\/de\/about-us\/","og_site_name":"Leading Cross Border GPS Tracking","article_modified_time":"2024-02-24T08:50:05+00:00","og_image":[{"width":2048,"height":1000,"url":"https:\/\/gpstraqer.com\/wp-content\/uploads\/2024\/03\/gpstraqer_logo_trans.png","type":"image\/png"}],"twitter_card":"summary_large_image","twitter_misc":{"Gesch\u00e4tzte Lesezeit":"3\u00a0Minuten"},"schema":{"@context":"https:\/\/schema.org","@graph":[{"@type":"WebPage","@id":"https:\/\/gpstraqer.com\/about-us\/","url":"https:\/\/gpstraqer.com\/about-us\/","name":"About Us - Leading Cross Border GPS Tracking","isPartOf":{"@id":"https:\/\/gpstraqer.com\/#website"},"datePublished":"2024-02-14T21:08:25+00:00","dateModified":"2024-02-24T08:50:05+00:00","inLanguage":"de","potentialAction":[{"@type":"ReadAction","target":["https:\/\/gpstraqer.com\/about-us\/"]}]},{"@type":"WebSite","@id":"https:\/\/gpstraqer.com\/#website","url":"https:\/\/gpstraqer.com\/","name":"Leading Cross Border GPS Tracking","description":"The first GPS Tracking Solution with a worldwide unlimited data plan - no roaming fees!","publisher":{"@id":"https:\/\/gpstraqer.com\/#organization"},"potentialAction":[{"@type":"SearchAction","target":{"@type":"EntryPoint","urlTemplate":"https:\/\/gpstraqer.com\/?s={search_term_string}"},"query-input":"required name=search_term_string"}],"inLanguage":"de"},{"@type":"Organization","@id":"https:\/\/gpstraqer.com\/#organization","name":"Leading Cross Border GPS Vehicle Tracking","url":"https:\/\/gpstraqer.com\/","logo":{"@type":"ImageObject","inLanguage":"de","@id":"https:\/\/gpstraqer.com\/#\/schema\/logo\/image\/","url":"https:\/\/gpstraqer.com\/wp-content\/uploads\/2024\/03\/M2MGS-banner-ad-300x600-1-e1709310300432.jpg","contentUrl":"https:\/\/gpstraqer.com\/wp-content\/uploads\/2024\/03\/M2MGS-banner-ad-300x600-1-e1709310300432.jpg","width":300,"height":324,"caption":"Leading Cross Border GPS Vehicle Tracking"},"image":{"@id":"https:\/\/gpstraqer.com\/#\/schema\/logo\/image\/"}}]}},"_links":{"self":[{"href":"https:\/\/gpstraqer.com\/de\/wp-json\/wp\/v2\/pages\/495","targetHints":{"allow":["GET"]}}],"collection":[{"href":"https:\/\/gpstraqer.com\/de\/wp-json\/wp\/v2\/pages"}],"about":[{"href":"https:\/\/gpstraqer.com\/de\/wp-json\/wp\/v2\/types\/page"}],"author":[{"embeddable":true,"href":"https:\/\/gpstraqer.com\/de\/wp-json\/wp\/v2\/users\/1"}],"replies":[{"embeddable":true,"href":"https:\/\/gpstraqer.com\/de\/wp-json\/wp\/v2\/comments?post=495"}],"version-history":[{"count":16,"href":"https:\/\/gpstraqer.com\/de\/wp-json\/wp\/v2\/pages\/495\/revisions"}],"predecessor-version":[{"id":924,"href":"https:\/\/gpstraqer.com\/de\/wp-json\/wp\/v2\/pages\/495\/revisions\/924"}],"wp:attachment":[{"href":"https:\/\/gpstraqer.com\/de\/wp-json\/wp\/v2\/media?parent=495"}],"curies":[{"name":"wp","href":"https:\/\/api.w.org\/{rel}","templated":true}]}}