{"id":645,"date":"2024-02-16T13:09:24","date_gmt":"2024-02-16T10:09:24","guid":{"rendered":"https:\/\/gpstraqer.com\/?page_id=645"},"modified":"2024-02-20T12:03:17","modified_gmt":"2024-02-20T09:03:17","slug":"gps-vehicle-tracking-bundles-for-africa","status":"publish","type":"page","link":"https:\/\/gpstraqer.com\/de\/gps-vehicle-tracking-bundles-for-africa\/","title":{"rendered":"Global GPS Tracking"},"content":{"rendered":"<div data-elementor-type=\"wp-page\" data-elementor-id=\"645\" class=\"elementor elementor-645\" data-elementor-post-type=\"page\">\n\t\t\t\t<div class=\"elementor-element elementor-element-d96134b e-flex e-con-boxed e-con e-parent\" data-id=\"d96134b\" data-element_type=\"container\" data-settings=\"{&quot;container_type&quot;:&quot;flex&quot;,&quot;content_width&quot;:&quot;boxed&quot;}\" data-core-v316-plus=\"true\">\n\t\t\t\t\t<div class=\"e-con-inner\">\n\t\t\t\t<div class=\"elementor-element elementor-element-477951f elementor-widget elementor-widget-heading\" data-id=\"477951f\" data-element_type=\"widget\" data-widget_type=\"heading.default\">\n\t\t\t\t<div class=\"elementor-widget-container\">\n\t\t\t<style>\/*! elementor - v3.19.0 - 28-02-2024 *\/\n.elementor-heading-title{padding:0;margin:0;line-height:1}.elementor-widget-heading .elementor-heading-title[class*=elementor-size-]>a{color:inherit;font-size:inherit;line-height:inherit}.elementor-widget-heading .elementor-heading-title.elementor-size-small{font-size:15px}.elementor-widget-heading .elementor-heading-title.elementor-size-medium{font-size:19px}.elementor-widget-heading .elementor-heading-title.elementor-size-large{font-size:29px}.elementor-widget-heading .elementor-heading-title.elementor-size-xl{font-size:39px}.elementor-widget-heading .elementor-heading-title.elementor-size-xxl{font-size:59px}<\/style><h2 class=\"elementor-heading-title elementor-size-default\">Global GPS Tracking<\/h2>\t\t<\/div>\n\t\t\t\t<\/div>\n\t\t\t\t\t<\/div>\n\t\t\t\t<\/div>\n\t\t<div class=\"elementor-element elementor-element-920c626 e-flex e-con-boxed e-con e-parent\" data-id=\"920c626\" data-element_type=\"container\" data-settings=\"{&quot;container_type&quot;:&quot;flex&quot;,&quot;content_width&quot;:&quot;boxed&quot;}\" data-core-v316-plus=\"true\">\n\t\t\t\t\t<div class=\"e-con-inner\">\n\t\t\t\t<div class=\"elementor-element elementor-element-7709c2c elementor-widget elementor-widget-text-editor\" data-id=\"7709c2c\" data-element_type=\"widget\" data-widget_type=\"text-editor.default\">\n\t\t\t\t<div class=\"elementor-widget-container\">\n\t\t\t<style>\/*! elementor - v3.19.0 - 28-02-2024 *\/\n.elementor-widget-text-editor.elementor-drop-cap-view-stacked .elementor-drop-cap{background-color:#69727d;color:#fff}.elementor-widget-text-editor.elementor-drop-cap-view-framed .elementor-drop-cap{color:#69727d;border:3px solid;background-color:transparent}.elementor-widget-text-editor:not(.elementor-drop-cap-view-default) .elementor-drop-cap{margin-top:8px}.elementor-widget-text-editor:not(.elementor-drop-cap-view-default) .elementor-drop-cap-letter{width:1em;height:1em}.elementor-widget-text-editor .elementor-drop-cap{float:left;text-align:center;line-height:1;font-size:50px}.elementor-widget-text-editor .elementor-drop-cap-letter{display:inline-block}<\/style>\t\t\t\t<p>Our GPS Vehicle\/Asset Tracking bundles provide the broadest and most comprehensive cross border wireless coverage across Africa. Our unique bundle offering address all the major challenges in the African market. It is designed to keep your assets tracked in the most remote regions, whilst costing you less.<\/p><p>In contrast to standard GPS solutions, GPSTRAQER.com provides for the first time on a global scale, unlimited data roaming at a fixed rate. That is, regardless of in which country your vehicle, container, truck or machinery is crossing.<\/p>\t\t\t\t\t\t<\/div>\n\t\t\t\t<\/div>\n\t\t\t\t\t<\/div>\n\t\t\t\t<\/div>\n\t\t<div class=\"elementor-element elementor-element-40a6a3f e-flex e-con-boxed e-con e-parent\" data-id=\"40a6a3f\" data-element_type=\"container\" data-settings=\"{&quot;container_type&quot;:&quot;flex&quot;,&quot;content_width&quot;:&quot;boxed&quot;}\" data-core-v316-plus=\"true\">\n\t\t\t\t\t<div class=\"e-con-inner\">\n\t\t\t\t<div class=\"elementor-element elementor-element-69c0e7c elementor-widget elementor-widget-accordion\" data-id=\"69c0e7c\" data-element_type=\"widget\" data-widget_type=\"accordion.default\">\n\t\t\t\t<div class=\"elementor-widget-container\">\n\t\t\t<style>\/*! elementor - v3.19.0 - 28-02-2024 *\/\n.elementor-accordion{text-align:left}.elementor-accordion .elementor-accordion-item{border:1px solid #d5d8dc}.elementor-accordion .elementor-accordion-item+.elementor-accordion-item{border-top:none}.elementor-accordion .elementor-tab-title{margin:0;padding:15px 20px;font-weight:700;line-height:1;cursor:pointer;outline:none}.elementor-accordion .elementor-tab-title .elementor-accordion-icon{display:inline-block;width:1.5em}.elementor-accordion .elementor-tab-title .elementor-accordion-icon svg{width:1em;height:1em}.elementor-accordion .elementor-tab-title .elementor-accordion-icon.elementor-accordion-icon-right{float:right;text-align:right}.elementor-accordion .elementor-tab-title .elementor-accordion-icon.elementor-accordion-icon-left{float:left;text-align:left}.elementor-accordion .elementor-tab-title .elementor-accordion-icon .elementor-accordion-icon-closed{display:block}.elementor-accordion .elementor-tab-title .elementor-accordion-icon .elementor-accordion-icon-opened,.elementor-accordion .elementor-tab-title.elementor-active .elementor-accordion-icon-closed{display:none}.elementor-accordion .elementor-tab-title.elementor-active .elementor-accordion-icon-opened{display:block}.elementor-accordion .elementor-tab-content{display:none;padding:15px 20px;border-top:1px solid #d5d8dc}@media (max-width:767px){.elementor-accordion .elementor-tab-title{padding:12px 15px}.elementor-accordion .elementor-tab-title .elementor-accordion-icon{width:1.2em}.elementor-accordion .elementor-tab-content{padding:7px 15px}}.e-con-inner>.elementor-widget-accordion,.e-con>.elementor-widget-accordion{width:var(--container-widget-width);--flex-grow:var(--container-widget-flex-grow)}<\/style>\t\t<div class=\"elementor-accordion\">\n\t\t\t\t\t\t\t<div class=\"elementor-accordion-item\">\n\t\t\t\t\t<div id=\"elementor-tab-title-1101\" class=\"elementor-tab-title\" data-tab=\"1\" role=\"button\" aria-controls=\"elementor-tab-content-1101\" aria-expanded=\"false\">\n\t\t\t\t\t\t\t\t\t\t\t\t\t<span class=\"elementor-accordion-icon elementor-accordion-icon-left\" aria-hidden=\"true\">\n\t\t\t\t\t\t\t\t\t\t\t\t\t\t\t<span class=\"elementor-accordion-icon-closed\"><svg class=\"e-font-icon-svg e-fas-plus\" viewbox=\"0 0 448 512\" xmlns=\"http:\/\/www.w3.org\/2000\/svg\"><path d=\"M416 208H272V64c0-17.67-14.33-32-32-32h-32c-17.67 0-32 14.33-32 32v144H32c-17.67 0-32 14.33-32 32v32c0 17.67 14.33 32 32 32h144v144c0 17.67 14.33 32 32 32h32c17.67 0 32-14.33 32-32V304h144c17.67 0 32-14.33 32-32v-32c0-17.67-14.33-32-32-32z\"><\/path><\/svg><\/span>\n\t\t\t\t\t\t\t\t<span class=\"elementor-accordion-icon-opened\"><svg class=\"e-font-icon-svg e-fas-minus\" viewbox=\"0 0 448 512\" xmlns=\"http:\/\/www.w3.org\/2000\/svg\"><path d=\"M416 208H32c-17.67 0-32 14.33-32 32v32c0 17.67 14.33 32 32 32h384c17.67 0 32-14.33 32-32v-32c0-17.67-14.33-32-32-32z\"><\/path><\/svg><\/span>\n\t\t\t\t\t\t\t\t\t\t\t\t\t\t<\/span>\n\t\t\t\t\t\t\t\t\t\t\t\t<a class=\"elementor-accordion-title\" tabindex=\"0\">Kostenloses Datenroaming in ganz Afrika<\/a>\n\t\t\t\t\t<\/div>\n\t\t\t\t\t<div id=\"elementor-tab-content-1101\" class=\"elementor-tab-content elementor-clearfix\" data-tab=\"1\" role=\"region\" aria-labelledby=\"elementor-tab-title-1101\"><p>Regardless in which African country your vehicles or assets are and how much data volume your GPS units consume, a Pan-African Data Plan is our promise, no roaming bill shocks, and no geographical restrictions. Track your units across Africa every where in real time for a monthly subscription fee fixed at 19.90 USD including Data Roaming across Africa + modern GPS Portal + iOS\/Android Apps.<\/p><\/div>\n\t\t\t\t<\/div>\n\t\t\t\t\t\t\t<div class=\"elementor-accordion-item\">\n\t\t\t\t\t<div id=\"elementor-tab-title-1102\" class=\"elementor-tab-title\" data-tab=\"2\" role=\"button\" aria-controls=\"elementor-tab-content-1102\" aria-expanded=\"false\">\n\t\t\t\t\t\t\t\t\t\t\t\t\t<span class=\"elementor-accordion-icon elementor-accordion-icon-left\" aria-hidden=\"true\">\n\t\t\t\t\t\t\t\t\t\t\t\t\t\t\t<span class=\"elementor-accordion-icon-closed\"><svg class=\"e-font-icon-svg e-fas-plus\" viewbox=\"0 0 448 512\" xmlns=\"http:\/\/www.w3.org\/2000\/svg\"><path d=\"M416 208H272V64c0-17.67-14.33-32-32-32h-32c-17.67 0-32 14.33-32 32v144H32c-17.67 0-32 14.33-32 32v32c0 17.67 14.33 32 32 32h144v144c0 17.67 14.33 32 32 32h32c17.67 0 32-14.33 32-32V304h144c17.67 0 32-14.33 32-32v-32c0-17.67-14.33-32-32-32z\"><\/path><\/svg><\/span>\n\t\t\t\t\t\t\t\t<span class=\"elementor-accordion-icon-opened\"><svg class=\"e-font-icon-svg e-fas-minus\" viewbox=\"0 0 448 512\" xmlns=\"http:\/\/www.w3.org\/2000\/svg\"><path d=\"M416 208H32c-17.67 0-32 14.33-32 32v32c0 17.67 14.33 32 32 32h384c17.67 0 32-14.33 32-32v-32c0-17.67-14.33-32-32-32z\"><\/path><\/svg><\/span>\n\t\t\t\t\t\t\t\t\t\t\t\t\t\t<\/span>\n\t\t\t\t\t\t\t\t\t\t\t\t<a class=\"elementor-accordion-title\" tabindex=\"0\">Modern GPS Software & Apps<\/a>\n\t\t\t\t\t<\/div>\n\t\t\t\t\t<div id=\"elementor-tab-content-1102\" class=\"elementor-tab-content elementor-clearfix\" data-tab=\"2\" role=\"region\" aria-labelledby=\"elementor-tab-title-1102\"><p>A modern user-friendly GPS Tracking Portal (GPSTRAQER.COM), which conveys the entire control of your assets 24 x 7 x 365 via Desktop, iOS or Android App respectively at your convenience. Fuel level monitoring, video surveillance, overspending, geofencing, etc. alerts via SMS, email, voice or push notification over app are few of our supported features.<\/p><\/div>\n\t\t\t\t<\/div>\n\t\t\t\t\t\t\t<div class=\"elementor-accordion-item\">\n\t\t\t\t\t<div id=\"elementor-tab-title-1103\" class=\"elementor-tab-title\" data-tab=\"3\" role=\"button\" aria-controls=\"elementor-tab-content-1103\" aria-expanded=\"false\">\n\t\t\t\t\t\t\t\t\t\t\t\t\t<span class=\"elementor-accordion-icon elementor-accordion-icon-left\" aria-hidden=\"true\">\n\t\t\t\t\t\t\t\t\t\t\t\t\t\t\t<span class=\"elementor-accordion-icon-closed\"><svg class=\"e-font-icon-svg e-fas-plus\" viewbox=\"0 0 448 512\" xmlns=\"http:\/\/www.w3.org\/2000\/svg\"><path d=\"M416 208H272V64c0-17.67-14.33-32-32-32h-32c-17.67 0-32 14.33-32 32v144H32c-17.67 0-32 14.33-32 32v32c0 17.67 14.33 32 32 32h144v144c0 17.67 14.33 32 32 32h32c17.67 0 32-14.33 32-32V304h144c17.67 0 32-14.33 32-32v-32c0-17.67-14.33-32-32-32z\"><\/path><\/svg><\/span>\n\t\t\t\t\t\t\t\t<span class=\"elementor-accordion-icon-opened\"><svg class=\"e-font-icon-svg e-fas-minus\" viewbox=\"0 0 448 512\" xmlns=\"http:\/\/www.w3.org\/2000\/svg\"><path d=\"M416 208H32c-17.67 0-32 14.33-32 32v32c0 17.67 14.33 32 32 32h384c17.67 0 32-14.33 32-32v-32c0-17.67-14.33-32-32-32z\"><\/path><\/svg><\/span>\n\t\t\t\t\t\t\t\t\t\t\t\t\t\t<\/span>\n\t\t\t\t\t\t\t\t\t\t\t\t<a class=\"elementor-accordion-title\" tabindex=\"0\">Abgelegene Regionen<\/a>\n\t\t\t\t\t<\/div>\n\t\t\t\t\t<div id=\"elementor-tab-content-1103\" class=\"elementor-tab-content elementor-clearfix\" data-tab=\"3\" role=\"region\" aria-labelledby=\"elementor-tab-title-1103\"><p>Neben GPS als Positionierungstechnologie wird Cell Triangulation als Backup eingesetzt, falls der GPS-Signalempfang aufgrund schlechter Datenabdeckung oder aufgrund von GPS-St\u00f6rsendern verloren geht. Unsere patentierte Ortungstechnologie gew\u00e4hrleistet eine Echtzeitverfolgung auch in abgelegenen und l\u00e4ndlichen Regionen.<\/p><\/div>\n\t\t\t\t<\/div>\n\t\t\t\t\t\t\t<div class=\"elementor-accordion-item\">\n\t\t\t\t\t<div id=\"elementor-tab-title-1104\" class=\"elementor-tab-title\" data-tab=\"4\" role=\"button\" aria-controls=\"elementor-tab-content-1104\" aria-expanded=\"false\">\n\t\t\t\t\t\t\t\t\t\t\t\t\t<span class=\"elementor-accordion-icon elementor-accordion-icon-left\" aria-hidden=\"true\">\n\t\t\t\t\t\t\t\t\t\t\t\t\t\t\t<span class=\"elementor-accordion-icon-closed\"><svg class=\"e-font-icon-svg e-fas-plus\" viewbox=\"0 0 448 512\" xmlns=\"http:\/\/www.w3.org\/2000\/svg\"><path d=\"M416 208H272V64c0-17.67-14.33-32-32-32h-32c-17.67 0-32 14.33-32 32v144H32c-17.67 0-32 14.33-32 32v32c0 17.67 14.33 32 32 32h144v144c0 17.67 14.33 32 32 32h32c17.67 0 32-14.33 32-32V304h144c17.67 0 32-14.33 32-32v-32c0-17.67-14.33-32-32-32z\"><\/path><\/svg><\/span>\n\t\t\t\t\t\t\t\t<span class=\"elementor-accordion-icon-opened\"><svg class=\"e-font-icon-svg e-fas-minus\" viewbox=\"0 0 448 512\" xmlns=\"http:\/\/www.w3.org\/2000\/svg\"><path d=\"M416 208H32c-17.67 0-32 14.33-32 32v32c0 17.67 14.33 32 32 32h384c17.67 0 32-14.33 32-32v-32c0-17.67-14.33-32-32-32z\"><\/path><\/svg><\/span>\n\t\t\t\t\t\t\t\t\t\t\t\t\t\t<\/span>\n\t\t\t\t\t\t\t\t\t\t\t\t<a class=\"elementor-accordion-title\" tabindex=\"0\">1 Sim f\u00fcr mehrere Operatoren<\/a>\n\t\t\t\t\t<\/div>\n\t\t\t\t\t<div id=\"elementor-tab-content-1104\" class=\"elementor-tab-content elementor-clearfix\" data-tab=\"4\" role=\"region\" aria-labelledby=\"elementor-tab-title-1104\"><p>Unser M2M Sim erm\u00f6glicht eine einzige Ger\u00e4tekonfiguration (Global APN) f\u00fcr den Einsatz auf der ganzen Welt. M2M-Sims bieten vollst\u00e4ndig verwaltete Konnektivit\u00e4t zu den umfangreichsten Mobilfunknetzen der Welt. Keine Notwendigkeit mehr f\u00fcr Dual- oder Multi-Sim-Tracker! Ein Sim f\u00fcr die Welt!<\/p><\/div>\n\t\t\t\t<\/div>\n\t\t\t\t\t\t\t\t<\/div>\n\t\t\t\t<\/div>\n\t\t\t\t<\/div>\n\t\t\t\t\t<\/div>\n\t\t\t\t<\/div>\n\t\t<div class=\"elementor-element elementor-element-e5ad9fa e-flex e-con-boxed e-con e-parent\" data-id=\"e5ad9fa\" data-element_type=\"container\" data-settings=\"{&quot;container_type&quot;:&quot;flex&quot;,&quot;content_width&quot;:&quot;boxed&quot;}\" data-core-v316-plus=\"true\">\n\t\t\t\t\t<div class=\"e-con-inner\">\n\t\t\t\t<div class=\"elementor-element elementor-element-f0ba193 elementor-widget elementor-widget-heading\" data-id=\"f0ba193\" data-element_type=\"widget\" data-widget_type=\"heading.default\">\n\t\t\t\t<div class=\"elementor-widget-container\">\n\t\t\t<h2 class=\"elementor-heading-title elementor-size-default\">Monthly Prepaid Bundles in USD including Free Data Roaming + Online GPS Portal + IOS\/Android App<\/h2>\t\t<\/div>\n\t\t\t\t<\/div>\n\t\t\t\t<div class=\"elementor-element elementor-element-384d51e elementor-widget elementor-widget-html\" data-id=\"384d51e\" data-element_type=\"widget\" data-widget_type=\"html.default\">\n\t\t\t\t<div class=\"elementor-widget-container\">\n\t\t\t<table class=\"price-table\" width=\"100%\">\n<tbody>\n<tr>\n<td rowspan=\"2\">Territory\/Coverage<\/td>\n<td colspan=\"3\">Anzahl der aktiven Einheiten<\/td>\n<\/tr>\n<tr>\n<td>&lt; 100<\/td>\n<td>100 \u2013 500<\/td>\n<td>&gt; 500<\/td>\n<\/tr>\n<tr>\n<td>Global<\/td>\n<td>21.90<\/td>\n<td>18.90<\/td>\n<td>17.90<\/td>\n<\/tr>\n<tr>\n<td>Africa<\/td>\n<td>19.90<\/td>\n<td>17.90<\/td>\n<td>16.90<\/td>\n<\/tr>\n<tr>\n<td>4 + 1 Countries<\/td>\n<td>17.90<\/td>\n<td>16.90<\/td>\n<td>15.90<\/td>\n<\/tr>\n<tr>\n<td>2 + 1 Countries<\/td>\n<td>16.90<\/td>\n<td>15.90<\/td>\n<td>14.90<\/td>\n<\/tr>\n<\/tbody>\n<\/table>\t\t<\/div>\n\t\t\t\t<\/div>\n\t\t\t\t\t<\/div>\n\t\t\t\t<\/div>\n\t\t\t\t<\/div>","protected":false},"excerpt":{"rendered":"<p>Global GPS Tracking Our GPS Vehicle\/Asset Tracking bundles provide the broadest and most comprehensive cross border wireless coverage across Africa. Our unique bundle offering address all the major challenges in the African market. It is designed to keep your assets tracked in the most remote regions, whilst costing you less. In contrast to standard GPS [&hellip;]<\/p>","protected":false},"author":1,"featured_media":0,"parent":0,"menu_order":0,"comment_status":"closed","ping_status":"closed","template":"","meta":{"footnotes":""},"class_list":["post-645","page","type-page","status-publish","hentry"],"yoast_head":"<!-- This site is optimized with the Yoast SEO plugin v22.8 - https:\/\/yoast.com\/wordpress\/plugins\/seo\/ -->\n<title>Global GPS Tracking - Leading Cross Border GPS Tracking<\/title>\n<meta name=\"robots\" content=\"index, follow, max-snippet:-1, max-image-preview:large, max-video-preview:-1\" \/>\n<link rel=\"canonical\" href=\"https:\/\/gpstraqer.com\/de\/gps-vehicle-tracking-bundles-for-africa\/\" \/>\n<meta property=\"og:locale\" content=\"de_DE\" \/>\n<meta property=\"og:type\" content=\"article\" \/>\n<meta property=\"og:title\" content=\"Global GPS Tracking - Leading Cross Border GPS Tracking\" \/>\n<meta property=\"og:description\" content=\"Global GPS Tracking Our GPS Vehicle\/Asset Tracking bundles provide the broadest and most comprehensive cross border wireless coverage across Africa. Our unique bundle offering address all the major challenges in the African market. It is designed to keep your assets tracked in the most remote regions, whilst costing you less. In contrast to standard GPS [&hellip;]\" \/>\n<meta property=\"og:url\" content=\"https:\/\/gpstraqer.com\/de\/gps-vehicle-tracking-bundles-for-africa\/\" \/>\n<meta property=\"og:site_name\" content=\"Leading Cross Border GPS Tracking\" \/>\n<meta property=\"article:modified_time\" content=\"2024-02-20T09:03:17+00:00\" \/>\n<meta property=\"og:image\" content=\"https:\/\/gpstraqer.com\/wp-content\/uploads\/2024\/03\/gpstraqer_logo_trans.png\" \/>\n\t<meta property=\"og:image:width\" content=\"2048\" \/>\n\t<meta property=\"og:image:height\" content=\"1000\" \/>\n\t<meta property=\"og:image:type\" content=\"image\/png\" \/>\n<meta name=\"twitter:card\" content=\"summary_large_image\" \/>\n<meta name=\"twitter:label1\" content=\"Gesch\u00e4tzte Lesezeit\" \/>\n\t<meta name=\"twitter:data1\" content=\"2\u00a0Minuten\" \/>\n<script type=\"application\/ld+json\" class=\"yoast-schema-graph\">{\"@context\":\"https:\/\/schema.org\",\"@graph\":[{\"@type\":\"WebPage\",\"@id\":\"https:\/\/gpstraqer.com\/gps-vehicle-tracking-bundles-for-africa\/\",\"url\":\"https:\/\/gpstraqer.com\/gps-vehicle-tracking-bundles-for-africa\/\",\"name\":\"Global GPS Tracking - Leading Cross Border GPS Tracking\",\"isPartOf\":{\"@id\":\"https:\/\/gpstraqer.com\/#website\"},\"datePublished\":\"2024-02-16T10:09:24+00:00\",\"dateModified\":\"2024-02-20T09:03:17+00:00\",\"inLanguage\":\"de\",\"potentialAction\":[{\"@type\":\"ReadAction\",\"target\":[\"https:\/\/gpstraqer.com\/gps-vehicle-tracking-bundles-for-africa\/\"]}]},{\"@type\":\"WebSite\",\"@id\":\"https:\/\/gpstraqer.com\/#website\",\"url\":\"https:\/\/gpstraqer.com\/\",\"name\":\"Leading Cross Border GPS Tracking\",\"description\":\"The first GPS Tracking Solution with a worldwide unlimited data plan - no roaming fees!\",\"publisher\":{\"@id\":\"https:\/\/gpstraqer.com\/#organization\"},\"potentialAction\":[{\"@type\":\"SearchAction\",\"target\":{\"@type\":\"EntryPoint\",\"urlTemplate\":\"https:\/\/gpstraqer.com\/?s={search_term_string}\"},\"query-input\":\"required name=search_term_string\"}],\"inLanguage\":\"de\"},{\"@type\":\"Organization\",\"@id\":\"https:\/\/gpstraqer.com\/#organization\",\"name\":\"Leading Cross Border GPS Vehicle Tracking\",\"url\":\"https:\/\/gpstraqer.com\/\",\"logo\":{\"@type\":\"ImageObject\",\"inLanguage\":\"de\",\"@id\":\"https:\/\/gpstraqer.com\/#\/schema\/logo\/image\/\",\"url\":\"https:\/\/gpstraqer.com\/wp-content\/uploads\/2024\/03\/M2MGS-banner-ad-300x600-1-e1709310300432.jpg\",\"contentUrl\":\"https:\/\/gpstraqer.com\/wp-content\/uploads\/2024\/03\/M2MGS-banner-ad-300x600-1-e1709310300432.jpg\",\"width\":300,\"height\":324,\"caption\":\"Leading Cross Border GPS Vehicle Tracking\"},\"image\":{\"@id\":\"https:\/\/gpstraqer.com\/#\/schema\/logo\/image\/\"}}]}<\/script>\n<!-- \/ Yoast SEO plugin. -->","yoast_head_json":{"title":"Global GPS Tracking - Leading Cross Border GPS Tracking","robots":{"index":"index","follow":"follow","max-snippet":"max-snippet:-1","max-image-preview":"max-image-preview:large","max-video-preview":"max-video-preview:-1"},"canonical":"https:\/\/gpstraqer.com\/de\/gps-vehicle-tracking-bundles-for-africa\/","og_locale":"de_DE","og_type":"article","og_title":"Global GPS Tracking - Leading Cross Border GPS Tracking","og_description":"Global GPS Tracking Our GPS Vehicle\/Asset Tracking bundles provide the broadest and most comprehensive cross border wireless coverage across Africa. Our unique bundle offering address all the major challenges in the African market. It is designed to keep your assets tracked in the most remote regions, whilst costing you less. In contrast to standard GPS [&hellip;]","og_url":"https:\/\/gpstraqer.com\/de\/gps-vehicle-tracking-bundles-for-africa\/","og_site_name":"Leading Cross Border GPS Tracking","article_modified_time":"2024-02-20T09:03:17+00:00","og_image":[{"width":2048,"height":1000,"url":"https:\/\/gpstraqer.com\/wp-content\/uploads\/2024\/03\/gpstraqer_logo_trans.png","type":"image\/png"}],"twitter_card":"summary_large_image","twitter_misc":{"Gesch\u00e4tzte Lesezeit":"2\u00a0Minuten"},"schema":{"@context":"https:\/\/schema.org","@graph":[{"@type":"WebPage","@id":"https:\/\/gpstraqer.com\/gps-vehicle-tracking-bundles-for-africa\/","url":"https:\/\/gpstraqer.com\/gps-vehicle-tracking-bundles-for-africa\/","name":"Global GPS Tracking - Leading Cross Border GPS Tracking","isPartOf":{"@id":"https:\/\/gpstraqer.com\/#website"},"datePublished":"2024-02-16T10:09:24+00:00","dateModified":"2024-02-20T09:03:17+00:00","inLanguage":"de","potentialAction":[{"@type":"ReadAction","target":["https:\/\/gpstraqer.com\/gps-vehicle-tracking-bundles-for-africa\/"]}]},{"@type":"WebSite","@id":"https:\/\/gpstraqer.com\/#website","url":"https:\/\/gpstraqer.com\/","name":"Leading Cross Border GPS Tracking","description":"The first GPS Tracking Solution with a worldwide unlimited data plan - no roaming fees!","publisher":{"@id":"https:\/\/gpstraqer.com\/#organization"},"potentialAction":[{"@type":"SearchAction","target":{"@type":"EntryPoint","urlTemplate":"https:\/\/gpstraqer.com\/?s={search_term_string}"},"query-input":"required name=search_term_string"}],"inLanguage":"de"},{"@type":"Organization","@id":"https:\/\/gpstraqer.com\/#organization","name":"Leading Cross Border GPS Vehicle Tracking","url":"https:\/\/gpstraqer.com\/","logo":{"@type":"ImageObject","inLanguage":"de","@id":"https:\/\/gpstraqer.com\/#\/schema\/logo\/image\/","url":"https:\/\/gpstraqer.com\/wp-content\/uploads\/2024\/03\/M2MGS-banner-ad-300x600-1-e1709310300432.jpg","contentUrl":"https:\/\/gpstraqer.com\/wp-content\/uploads\/2024\/03\/M2MGS-banner-ad-300x600-1-e1709310300432.jpg","width":300,"height":324,"caption":"Leading Cross Border GPS Vehicle Tracking"},"image":{"@id":"https:\/\/gpstraqer.com\/#\/schema\/logo\/image\/"}}]}},"_links":{"self":[{"href":"https:\/\/gpstraqer.com\/de\/wp-json\/wp\/v2\/pages\/645","targetHints":{"allow":["GET"]}}],"collection":[{"href":"https:\/\/gpstraqer.com\/de\/wp-json\/wp\/v2\/pages"}],"about":[{"href":"https:\/\/gpstraqer.com\/de\/wp-json\/wp\/v2\/types\/page"}],"author":[{"embeddable":true,"href":"https:\/\/gpstraqer.com\/de\/wp-json\/wp\/v2\/users\/1"}],"replies":[{"embeddable":true,"href":"https:\/\/gpstraqer.com\/de\/wp-json\/wp\/v2\/comments?post=645"}],"version-history":[{"count":10,"href":"https:\/\/gpstraqer.com\/de\/wp-json\/wp\/v2\/pages\/645\/revisions"}],"predecessor-version":[{"id":656,"href":"https:\/\/gpstraqer.com\/de\/wp-json\/wp\/v2\/pages\/645\/revisions\/656"}],"wp:attachment":[{"href":"https:\/\/gpstraqer.com\/de\/wp-json\/wp\/v2\/media?parent=645"}],"curies":[{"name":"wp","href":"https:\/\/api.w.org\/{rel}","templated":true}]}}